{"id":32,"date":"2023-01-09T13:53:37","date_gmt":"2023-01-09T12:53:37","guid":{"rendered":"https:\/\/bonnierescanteleux.fr\/index.php\/colibri-wp\/"},"modified":"2023-03-14T14:28:39","modified_gmt":"2023-03-14T13:28:39","slug":"colibri-wp","status":"publish","type":"page","link":"https:\/\/bonnierescanteleux.fr\/","title":{"rendered":"Front Page"},"content":{"rendered":"<div data-colibri-id=\"32-c1\" class=\"style-190 style-local-32-c1 position-relative\">\n  <!---->\n  <div data-colibri-component=\"section\" data-colibri-id=\"32-c2\" id=\"overlappable\" class=\"h-section h-section-global-spacing d-flex align-items-lg-center align-items-md-center align-items-center style-191 style-local-32-c2 position-relative\">\n    <!---->\n    <!---->\n    <div class=\"h-section-grid-container h-section-boxed-container\">\n      <!---->\n      <div data-colibri-id=\"32-c3\" class=\"h-row-container gutters-row-lg-0 gutters-row-md-0 gutters-row-2 gutters-row-v-lg-0 gutters-row-v-md-0 gutters-row-v-2 style-192 style-local-32-c3 position-relative\">\n        <!---->\n        <div class=\"h-row justify-content-lg-center justify-content-md-center justify-content-center align-items-lg-stretch align-items-md-stretch align-items-stretch gutters-col-lg-0 gutters-col-md-0 gutters-col-2 gutters-col-v-lg-0 gutters-col-v-md-0 gutters-col-v-2\">\n          <!---->\n          <div class=\"h-column h-column-container d-flex h-col-lg-4 h-col-md-4 h-col-12 style-193-outer style-local-32-c4-outer\">\n            <div data-colibri-id=\"32-c4\" class=\"d-flex h-flex-basis h-column__inner h-px-lg-3 h-px-md-3 h-px-2 v-inner-lg-3 v-inner-md-3 v-inner-2 style-193 style-local-32-c4 position-relative\">\n              <!---->\n              <!---->\n              <div class=\"w-100 h-y-container h-column__content h-column__v-align flex-basis-100 align-self-lg-center align-self-md-center align-self-center\">\n                <!---->\n                <div data-colibri-id=\"32-c5\" class=\"h-icon style-194 style-local-32-c5 position-relative h-element\">\n                  <!----><span class=\"h-svg-icon h-icon__icon style-194-icon style-local-32-c5-icon\"><!--Icon by Ionicons (https:\/\/ionicons.com)--><svg version=\"1.1\" xmlns=\"http:\/\/www.w3.org\/2000\/svg\" xmlns:xlink=\"http:\/\/www.w3.org\/1999\/xlink\" id=\"ios-location\" viewBox=\"0 0 288 512\"><path d=\"M144 32c80 0 144 64 144 144 0 112-144 304-144 304S0 288 0 176C0 96 64 32 144 32zm0 191c26 0 47-21 47-47s-21-47-47-47-47 21-47 47 21 47 47 47z\"><\/path><\/svg><\/span><\/div>\n                <div\n                  data-colibri-id=\"32-c6\" class=\"h-global-transition-all h-heading style-195 style-local-32-c6 position-relative h-element\">\n                  <!---->\n                  <div class=\"h-heading__outer style-195 style-local-32-c6\">\n                    <!---->\n                    <!---->\n                    <h5 class=\"\">Adresse<\/h5>\n                  <\/div>\n              <\/div>\n              <div data-colibri-id=\"32-c7\" class=\"h-text h-text-component style-196 style-local-32-c7 position-relative h-element\">\n                <!---->\n                <!---->\n                <div class=\"\">\n                  <p>36 Grand Rue, 62270 Bonni\u00e8res<\/p>\n                <\/div>\n              <\/div>\n            <\/div>\n          <\/div>\n        <\/div>\n        <div class=\"h-column h-column-container d-flex h-col-lg-4 h-col-md-4 h-col-12 style-193-outer style-local-32-c8-outer\">\n          <div data-colibri-id=\"32-c8\" class=\"d-flex h-flex-basis h-column__inner h-px-lg-3 h-px-md-3 h-px-2 v-inner-lg-3 v-inner-md-3 v-inner-2 style-193 style-local-32-c8 position-relative\">\n            <!---->\n            <!---->\n            <div class=\"w-100 h-y-container h-column__content h-column__v-align flex-basis-100 align-self-lg-center align-self-md-center align-self-center\">\n              <!---->\n              <div data-colibri-id=\"32-c9\" class=\"h-icon style-194 style-local-32-c9 position-relative h-element\">\n                <!----><span class=\"h-svg-icon h-icon__icon style-194-icon style-local-32-c9-icon\"><!--Icon by Ionicons (https:\/\/ionicons.com)--><svg version=\"1.1\" xmlns=\"http:\/\/www.w3.org\/2000\/svg\" xmlns:xlink=\"http:\/\/www.w3.org\/1999\/xlink\" id=\"android-mail\" viewBox=\"0 0 448 512\"><path d=\"M405 80c23 0 43 20 43 43v266c0 23-20 43-43 43H43c-23 0-43-20-43-43V123c0-23 20-43 43-43h362zm-5 91v-43L224 245 48 128v43l176 117z\"><\/path><\/svg><\/span><\/div>\n              <div\n                data-colibri-id=\"32-c10\" class=\"h-global-transition-all h-heading style-195 style-local-32-c10 position-relative h-element\">\n                <!---->\n                <div class=\"h-heading__outer style-195 style-local-32-c10\">\n                  <!---->\n                  <!---->\n                  <h5 class=\"\">T\u00e9l\u00e9phone &amp; Email<\/h5>\n                <\/div>\n            <\/div>\n            <div data-colibri-id=\"32-c11\" class=\"h-text h-text-component style-196 style-local-32-c11 position-relative h-element\">\n              <!---->\n              <!---->\n              <div class=\"\">\n                <p><strong style=\"font-weight: 700;\">T\u00e9l :<\/strong> 03.21.03.64.22\n                  <br><strong style=\"font-weight: 700;\">Mail :<\/strong>\n                  <a href=\"https:\/\/bonnierescanteleux.fr\/index.php\/contact\">mairie-bonnieres@wanadoo.fr<\/a>\n                <\/p>\n              <\/div>\n            <\/div>\n          <\/div>\n        <\/div>\n      <\/div>\n      <div class=\"h-column h-column-container d-flex h-col-lg-4 h-col-md-4 h-col-12 style-193-outer style-local-32-c12-outer\">\n        <div data-colibri-id=\"32-c12\" class=\"d-flex h-flex-basis h-column__inner h-px-lg-3 h-px-md-3 h-px-2 v-inner-lg-3 v-inner-md-3 v-inner-2 style-193 style-local-32-c12 position-relative\">\n          <!---->\n          <!---->\n          <div class=\"w-100 h-y-container h-column__content h-column__v-align flex-basis-100 align-self-lg-center align-self-md-center align-self-center\">\n            <!---->\n            <div data-colibri-id=\"32-c13\" class=\"h-icon style-194 style-local-32-c13 position-relative h-element\">\n              <!----><span class=\"h-svg-icon h-icon__icon style-194-icon style-local-32-c13-icon\"><!--Icon by Font Awesome (https:\/\/fontawesome.com)-->\n    <svg version=\"1.1\" xmlns=\"http:\/\/www.w3.org\/2000\/svg\" xmlns:xlink=\"http:\/\/www.w3.org\/1999\/xlink\" id=\"home\" viewBox=\"0 0 1664 1896.0833\">\n      <path d=\"M1408 992v480q0 26-19 45t-45 19H960v-384H704v384H320q-26 0-45-19t-19-45V992q0-1 .5-3t.5-3l575-474 575 474q1 2 1 6zm223-69l-62 74q-8 9-21 11h-3q-13 0-21-7L832 424l-692 577q-12 8-24 7-13-2-21-11l-62-74q-8-10-7-23.5T37 878l719-599q32-26 76-26t76 26l244 204V288q0-14 9-23t23-9h192q14 0 23 9t9 23v408l219 182q10 8 11 21.5t-7 23.5z\"><\/path>\n    <\/svg><\/span><\/div>\n            <div data-colibri-id=\"32-c14\" class=\"h-global-transition-all h-heading style-195 style-local-32-c14 position-relative h-element\">\n              <!---->\n              <div class=\"h-heading__outer style-195 style-local-32-c14\">\n                <!---->\n                <!---->\n                <h5 class=\"\">Permamences de la mairie<\/h5>\n              <\/div>\n            <\/div>\n            <div data-colibri-id=\"32-c15\" class=\"h-text h-text-component style-196 style-local-32-c15 position-relative h-element\">\n              <!---->\n              <!---->\n              <div class=\"\">\n                <p><span style=\"font-weight: 700;\">Lundi &amp; mardi :<\/span> De 10h00 \u00e0 12h00\n                  <br><span style=\"font-weight: 700;\">Jeudi au samedi :<\/span> De 10h00 \u00e0 12h00<em> <br><\/em><em style=\"font-size: 85%;\">(Accueil ouvert le samedi uniquement sur rendez-vous)<\/em><\/p>\n              <\/div>\n            <\/div>\n          <\/div>\n        <\/div>\n      <\/div>\n    <\/div>\n  <\/div>\n<\/div>\n<\/div>\n<div data-colibri-component=\"section\" data-colibri-id=\"32-c20\" id=\"custom\" class=\"h-section h-section-global-spacing d-flex align-items-lg-center align-items-md-center align-items-center style-348 style-local-32-c20 position-relative\">\n  <!---->\n  <!---->\n  <div class=\"h-section-grid-container h-section-boxed-container\">\n    <!---->\n    <div data-colibri-id=\"32-c21\" class=\"h-row-container gutters-row-lg-2 gutters-row-md-2 gutters-row-0 gutters-row-v-lg-2 gutters-row-v-md-2 gutters-row-v-2 style-351 style-local-32-c21 position-relative\">\n      <!---->\n      <div class=\"h-row justify-content-lg-center justify-content-md-center justify-content-center align-items-lg-stretch align-items-md-stretch align-items-stretch gutters-col-lg-2 gutters-col-md-2 gutters-col-0 gutters-col-v-lg-2 gutters-col-v-md-2 gutters-col-v-2\">\n        <!---->\n        <div class=\"h-column h-column-container d-flex h-col-lg-auto h-col-md-auto h-col-auto style-352-outer style-local-32-c22-outer\">\n          <div data-colibri-id=\"32-c22\" class=\"d-flex h-flex-basis h-column__inner h-px-lg-2 h-px-md-2 h-px-2 v-inner-lg-2 v-inner-md-2 v-inner-2 style-352 style-local-32-c22 position-relative\">\n            <!---->\n            <!---->\n            <div class=\"w-100 h-y-container h-column__content h-column__v-align flex-basis-100 align-self-lg-start align-self-md-start align-self-start\">\n              <!---->\n              <div data-colibri-id=\"32-c23\" class=\"d-block style-353 style-local-32-c23 position-relative h-element\">\n                <!---->\n                <div class=\"h-image__frame-container-outer\">\n                  <div class=\"h-image__frame-container\">\n                    <!---->\n                    <!---->\n                    <img loading=\"lazy\" decoding=\"async\" width=\"680\" height=\"492\" src=\"http:\/\/bonnierescanteleux.fr\/wp-content\/uploads\/2023\/01\/rregegs.webp\" class=\"wp-image-83 style-353-image style-local-32-c23-image\" alt=\"\" srcset=\"https:\/\/bonnierescanteleux.fr\/wp-content\/uploads\/2023\/01\/rregegs.webp 680w, https:\/\/bonnierescanteleux.fr\/wp-content\/uploads\/2023\/01\/rregegs-300x217.webp 300w\" sizes=\"auto, (max-width: 680px) 100vw, 680px\" \/>\n                    <div class=\"h-image__frame h-hide-lg h-hide-md h-hide-sm style-353-frameImage style-local-32-c23-frameImage\"><\/div>\n                  <\/div>\n                <\/div>\n              <\/div>\n            <\/div>\n          <\/div>\n        <\/div>\n      <\/div>\n    <\/div>\n  <\/div>\n<\/div>\n<\/div>","protected":false},"excerpt":{"rendered":"<p>Adresse 36 Grand Rue, 62270 Bonni\u00e8res T\u00e9l\u00e9phone &amp; Email T\u00e9l : 03.21.03.64.22 Mail : mairie-bonnieres@wanadoo.fr Permamences de la mairie Lundi &amp; mardi : De 10h00 \u00e0 12h00 Jeudi au samedi : De 10h00 \u00e0 12h00 (Accueil ouvert le samedi uniquement sur rendez-vous)<\/p>\n","protected":false},"author":1,"featured_media":0,"parent":0,"menu_order":0,"comment_status":"closed","ping_status":"closed","template":"page-templates\/homepage.php","meta":{"_mi_skip_tracking":false,"footnotes":""},"class_list":["post-32","page","type-page","status-publish","hentry"],"_links":{"self":[{"href":"https:\/\/bonnierescanteleux.fr\/index.php\/wp-json\/wp\/v2\/pages\/32","targetHints":{"allow":["GET"]}}],"collection":[{"href":"https:\/\/bonnierescanteleux.fr\/index.php\/wp-json\/wp\/v2\/pages"}],"about":[{"href":"https:\/\/bonnierescanteleux.fr\/index.php\/wp-json\/wp\/v2\/types\/page"}],"author":[{"embeddable":true,"href":"https:\/\/bonnierescanteleux.fr\/index.php\/wp-json\/wp\/v2\/users\/1"}],"replies":[{"embeddable":true,"href":"https:\/\/bonnierescanteleux.fr\/index.php\/wp-json\/wp\/v2\/comments?post=32"}],"version-history":[{"count":10,"href":"https:\/\/bonnierescanteleux.fr\/index.php\/wp-json\/wp\/v2\/pages\/32\/revisions"}],"predecessor-version":[{"id":248,"href":"https:\/\/bonnierescanteleux.fr\/index.php\/wp-json\/wp\/v2\/pages\/32\/revisions\/248"}],"wp:attachment":[{"href":"https:\/\/bonnierescanteleux.fr\/index.php\/wp-json\/wp\/v2\/media?parent=32"}],"curies":[{"name":"wp","href":"https:\/\/api.w.org\/{rel}","templated":true}]}}